{"id":4062,"date":"2023-04-13T12:27:58","date_gmt":"2023-04-13T12:27:58","guid":{"rendered":"https:\/\/www.dolcicostruzioni.com\/kontakte\/"},"modified":"2023-07-14T08:43:45","modified_gmt":"2023-07-14T08:43:45","slug":"kontakte","status":"publish","type":"page","link":"https:\/\/www.dolcicostruzioni.com\/de\/kontakte\/","title":{"rendered":"Kontakte"},"content":{"rendered":"\t\t<div data-elementor-type=\"wp-page\" data-elementor-id=\"4062\" class=\"elementor elementor-4062 elementor-74\" data-elementor-post-type=\"page\">\n\t\t\t\t\t\t<section class=\"elementor-section elementor-top-section elementor-element elementor-element-34edce4 elementor-section-full_width elementor-section-height-min-height elementor-section-items-stretch elementor-reverse-mobile elementor-section-height-default\" data-id=\"34edce4\" data-element_type=\"section\" data-e-type=\"section\" data-settings=\"{&quot;background_background&quot;:&quot;classic&quot;}\">\n\t\t\t\t\t\t<div class=\"elementor-container elementor-column-gap-default\">\n\t\t\t\t\t<div class=\"elementor-column elementor-col-50 elementor-top-column elementor-element elementor-element-28b02c8\" data-id=\"28b02c8\" data-element_type=\"column\" data-e-type=\"column\" id=\"colonna-header-contatti\">\n\t\t\t<div class=\"elementor-widget-wrap elementor-element-populated\">\n\t\t\t\t\t\t<div class=\"elementor-element elementor-element-3b4b609 elementor-invisible elementor-widget elementor-widget-heading\" data-id=\"3b4b609\" data-element_type=\"widget\" data-e-type=\"widget\" data-settings=\"{&quot;_animation&quot;:&quot;fadeIn&quot;}\" data-widget_type=\"heading.default\">\n\t\t\t\t<div class=\"elementor-widget-container\">\n\t\t\t\t\t<h1 class=\"elementor-heading-title elementor-size-default\">Kontakte<\/h1>\t\t\t\t<\/div>\n\t\t\t\t<\/div>\n\t\t\t\t<div class=\"elementor-element elementor-element-1e36ab0 elementor-invisible elementor-widget elementor-widget-text-editor\" data-id=\"1e36ab0\" data-element_type=\"widget\" data-e-type=\"widget\" data-settings=\"{&quot;_animation&quot;:&quot;fadeIn&quot;,&quot;_animation_delay&quot;:500}\" data-widget_type=\"text-editor.default\">\n\t\t\t\t<div class=\"elementor-widget-container\">\n\t\t\t\t\t\t\t\t\t<p>Sie wollen Ihren Wohntraum verwirklichen und wissen nicht, wo Sie anfangen sollen? <br \/>Haben Sie eine renovierungsbed\u00fcrftige Immobilie und suchen Sie einen einzigen, erfahrenen und zuverl\u00e4ssigen Ansprechpartner? <\/p>\n<p><strong>Nehmen Sie unverbindlich Kontakt mit uns<\/strong> auf und schildern Sie uns Ihren Bedarf. <br \/>Unser Team ist f\u00fcr Sie da und ber\u00e4t Sie bei der Suche nach den besten L\u00f6sungen.<\/p>\n\t\t\t\t\t\t\t\t<\/div>\n\t\t\t\t<\/div>\n\t\t\t\t\t<\/div>\n\t\t<\/div>\n\t\t\t\t<div class=\"elementor-column elementor-col-50 elementor-top-column elementor-element elementor-element-52d4cb0\" data-id=\"52d4cb0\" data-element_type=\"column\" data-e-type=\"column\" data-settings=\"{&quot;background_background&quot;:&quot;classic&quot;}\">\n\t\t\t<div class=\"elementor-widget-wrap elementor-element-populated\">\n\t\t\t\t\t<div class=\"elementor-background-overlay\"><\/div>\n\t\t\t\t\t\t<div class=\"elementor-element elementor-element-45e4072 elementor-widget elementor-widget-spacer\" data-id=\"45e4072\" data-element_type=\"widget\" data-e-type=\"widget\" data-widget_type=\"spacer.default\">\n\t\t\t\t<div class=\"elementor-widget-container\">\n\t\t\t\t\t\t\t<div class=\"elementor-spacer\">\n\t\t\t<div class=\"elementor-spacer-inner\"><\/div>\n\t\t<\/div>\n\t\t\t\t\t\t<\/div>\n\t\t\t\t<\/div>\n\t\t\t\t\t<\/div>\n\t\t<\/div>\n\t\t\t\t\t<\/div>\n\t\t<\/section>\n\t\t\t\t<\/div>\n\t\t","protected":false},"excerpt":{"rendered":"<p>Kontakte Sie wollen Ihren Wohntraum verwirklichen und wissen nicht, wo Sie anfangen sollen? Haben Sie eine renovierungsbed\u00fcrftige Immobilie und suchen Sie einen einzigen, erfahrenen und zuverl\u00e4ssigen Ansprechpartner? Nehmen Sie unverbindlich Kontakt mit uns auf und schildern Sie uns Ihren Bedarf. Unser Team ist f\u00fcr Sie da und ber\u00e4t Sie bei der Suche nach den besten [&hellip;]<\/p>\n","protected":false},"author":1,"featured_media":0,"parent":0,"menu_order":0,"comment_status":"closed","ping_status":"closed","template":"","meta":{"inline_featured_image":false,"footnotes":""},"class_list":["post-4062","page","type-page","status-publish","hentry"],"_links":{"self":[{"href":"https:\/\/www.dolcicostruzioni.com\/de\/wp-json\/wp\/v2\/pages\/4062","targetHints":{"allow":["GET"]}}],"collection":[{"href":"https:\/\/www.dolcicostruzioni.com\/de\/wp-json\/wp\/v2\/pages"}],"about":[{"href":"https:\/\/www.dolcicostruzioni.com\/de\/wp-json\/wp\/v2\/types\/page"}],"author":[{"embeddable":true,"href":"https:\/\/www.dolcicostruzioni.com\/de\/wp-json\/wp\/v2\/users\/1"}],"replies":[{"embeddable":true,"href":"https:\/\/www.dolcicostruzioni.com\/de\/wp-json\/wp\/v2\/comments?post=4062"}],"version-history":[{"count":1,"href":"https:\/\/www.dolcicostruzioni.com\/de\/wp-json\/wp\/v2\/pages\/4062\/revisions"}],"predecessor-version":[{"id":4063,"href":"https:\/\/www.dolcicostruzioni.com\/de\/wp-json\/wp\/v2\/pages\/4062\/revisions\/4063"}],"wp:attachment":[{"href":"https:\/\/www.dolcicostruzioni.com\/de\/wp-json\/wp\/v2\/media?parent=4062"}],"curies":[{"name":"wp","href":"https:\/\/api.w.org\/{rel}","templated":true}]}}